{"id":4993,"date":"2025-09-06T19:34:35","date_gmt":"2025-09-06T17:34:35","guid":{"rendered":"https:\/\/darteanavisions.art\/?page_id=4993"},"modified":"2025-09-06T20:44:44","modified_gmt":"2025-09-06T18:44:44","slug":"runa-mae-die-puppenspielerin","status":"publish","type":"page","link":"https:\/\/darteanavisions.art\/index.php\/galerien\/runa-mae-die-puppenspielerin\/","title":{"rendered":"Runa Mae &#8211; Die Puppenspielerin"},"content":{"rendered":"\n<!DOCTYPE html>\n<html lang=\"de\">\n<head>\n  <meta charset=\"UTF-8\" \/>\n  <meta name=\"viewport\" content=\"width=device-width, initial-scale=1.0\"\/>\n  <title>Runa Mae \u2013 Die Puppenspielerin \u00b7 DarteanaVisions<\/title>\n\n  <!-- SEO -->\n  <meta name=\"description\" content=\"Runa Mae \u2013 Die Puppenspielerin: eine kleine, dichte Lost-Place-Serie. Vier Bilder, eine Kellerwelt \u2013 leise, eigen und nah. Idee, Set, Styling\/Make-up &#038; Fotografie: DarteanaVisions &#038; Tugce.\"\/>\n  <link rel=\"canonical\" href=\"https:\/\/darteanavisions.art\/\"\/>\n  <meta property=\"og:title\" content=\"Runa Mae \u2013 Die Puppenspielerin \u00b7 DarteanaVisions\"\/>\n  <meta property=\"og:description\" content=\"Eine kleine, dichte Lost-Place-Serie. Vier Bilder, eine Kellerwelt \u2013 leise, eigen und nah.\"\/>\n  <meta property=\"og:image\" content=\"https:\/\/darteanavisions.art\/wp-content\/uploads\/2025\/05\/43788375_1205035212971076_3178766108211544064_n.jpg\"\/>\n  <meta property=\"og:type\" content=\"website\"\/>\n  <meta name=\"twitter:card\" content=\"summary_large_image\"\/>\n\n  <script type=\"application\/ld+json\">\n  {\n    \"@context\":\"https:\/\/schema.org\",\n    \"@type\":\"ImageGallery\",\n    \"name\":\"Runa Mae \u2013 Die Puppenspielerin\",\n    \"creator\":[{\"@type\":\"Organization\",\"name\":\"DarteanaVisions\"},{\"@type\":\"Person\",\"name\":\"Tugce\"}],\n    \"about\":[\"Puppenspielerin\",\"Lost Place\",\"Storytelling\",\"Runa Mae\",\"Make-up\",\"Setbau\",\"Fotografie\"],\n    \"contentLocation\":{\"@type\":\"Place\",\"name\":\"Lost Place\"},\n    \"image\":[\n      \"https:\/\/darteanavisions.art\/wp-content\/uploads\/2025\/05\/43788375_1205035212971076_3178766108211544064_n.jpg\",\n      \"https:\/\/darteanavisions.art\/wp-content\/uploads\/2025\/05\/43878570_1205035246304406_7631320581845024768_n.jpg\",\n      \"https:\/\/darteanavisions.art\/wp-content\/uploads\/2025\/05\/44037115_1205035262971071_5359751669351448576_n.jpg\",\n      \"https:\/\/darteanavisions.art\/wp-content\/uploads\/2025\/05\/44038437_1205035179637746_5990929630696046592_n.jpg\"\n    ]\n  }\n  <\/script>\n\n  <link href=\"https:\/\/fonts.googleapis.com\/css2?family=Playfair+Display:wght@300;400;500&#038;display=swap\" rel=\"stylesheet\">\n  <style>\n    :root{\n      --gold-ochre:#C19A6B; --gold-ochre-light:#D9B88F; --gold-ochre-dark:#9C7A4D;\n      --cream:#F9F3E9; --dark:#2D2A26;\n      --shadow: rgba(193,154,107,.22);\n      --ease:.28s cubic-bezier(.23,1,.32,1);\n      --gap:1.2rem;\n    }\n    #dv-gal *{box-sizing:border-box}\n    #dv-gal{\n      font-family:-apple-system,BlinkMacSystemFont,'Segoe UI',Roboto,'Helvetica Neue',Arial,sans-serif;\n      background:linear-gradient(135deg,var(--cream),rgba(249,243,233,.8));\n      color:var(--dark); line-height:1.7; overflow-x:hidden; min-height:100vh; position:relative;\n    }\n    #dv-gal h1,#dv-gal h2{font-family:'Playfair Display',Georgia,serif;font-weight:400}\n    #dv-gal img{display:block;max-width:100%;height:auto}\n\n    \/* Hintergrund-Orbs *\/\n    .dynamic-bg{position:fixed;inset:0;z-index:0;pointer-events:none;overflow:hidden}\n    .bg-circle{position:absolute;border-radius:50%;\n      background:radial-gradient(circle,rgba(193,154,107,.3) 0%,rgba(193,154,107,.15) 70%,rgba(193,154,107,.05) 100%)}\n    .bg-circle:nth-child(1){width:35vw;height:35vw;top:-5vh;left:-5vw;animation:float 30s infinite alternate ease-in-out}\n    .bg-circle:nth-child(2){width:25vw;height:25vw;bottom:-3vh;right:-3vw;animation:float 25s infinite alternate-reverse ease-in-out}\n    .bg-circle:nth-child(3){width:20vw;height:20vw;top:50vh;left:15vw;animation:float 35s infinite alternate ease-in-out}\n    @keyframes float{0%{transform:translate(0,0)}50%{transform:translate(2vw,2vh)}100%{transform:translate(-2vw,-2vh)}}\n\n    .container{max-width:1200px;margin:0 auto;padding:0 2rem;position:relative;z-index:1}\n\n    \/* HERO *\/\n    .hero{padding:2rem 0 2.25rem;text-align:center}\n    .intro-r1{display:inline-block;border:1px solid var(--gold-ochre-light);border-radius:22px;padding:8px;margin:0 auto 1.25rem}\n    .intro-r2{border:2px solid var(--gold-ochre-dark);border-radius:18px;padding:6px}\n    .intro-r3{border:3px solid var(--gold-ochre-light);border-radius:14px;overflow:hidden;box-shadow:0 8px 22px var(--shadow)}\n    .intro-r3 img{width:min(220px,48vw);aspect-ratio:1\/1;object-fit:cover}\n\n    .hero-title{font-size:clamp(1.9rem,4vw,2.4rem);margin-bottom:.6rem}\n    .hero-sub{font-size:clamp(1.05rem,3vw,1.35rem);color:var(--gold-ochre-dark);font-style:italic;margin:.2rem auto 1.1rem}\n\n    \/* 4er-Reihe exakt gleich gro\u00df \u2013 direkt UNTER der H2 *\/\n    .row4{display:grid;grid-template-columns:repeat(4,1fr);gap:var(--gap);margin:0 auto 1.6rem}\n    .card .r1{border:1px solid var(--gold-ochre-light);border-radius:16px;padding:8px;background:rgba(249,243,233,.65)}\n    .card .r2{border:2px solid var(--gold-ochre-dark);border-radius:12px;padding:6px}\n    .card .r3{border:3px solid var(--gold-ochre-light);border-radius:10px;overflow:hidden;position:relative;box-shadow:0 8px 20px var(--shadow);cursor:pointer;transition:transform var(--ease),box-shadow var(--ease)}\n    .card .r3:hover{transform:translateY(-2px);box-shadow:0 14px 36px rgba(193,154,107,.28)}\n    \/* erzwinge identische Kachelgr\u00f6\u00dfe *\/\n    .thumb{width:100%;aspect-ratio:4\/3;position:relative}\n    .thumb img{position:absolute;inset:0;width:100%;height:100%;object-fit:cover}\n    .cap-bar{position:absolute;left:0;right:0;bottom:0;padding:.45rem .75rem;font-size:.92rem;line-height:1.25;color:rgba(45,42,38,.92);\n      background:linear-gradient(to top,rgba(249,243,233,.56),rgba(249,243,233,.22));border-top:1px solid rgba(217,184,143,.6);backdrop-filter:blur(6px);white-space:nowrap;overflow:hidden;text-overflow:ellipsis}\n\n    \/* Einleitung: linksb\u00fcndig \u00fcber die volle Breite des Containers *\/\n    .hero-desc{font-size:1.05rem;color:rgba(45,42,38,.92);max-width:100%;text-align:left;margin:0 0}\n    .hero-desc p{margin:.75rem 0}\n\n    \/* Panel (Credits + Tags) *\/\n    .panel{background:linear-gradient(135deg,rgba(193,154,107,.06),rgba(193,154,107,.1));border:1px solid rgba(193,154,107,.18);\n      border-radius:25px;padding:1.25rem 1.5rem;margin:2rem 0 0;position:relative;overflow:hidden}\n    .panel::before{content:\"\";position:absolute;inset:0 0 auto 0;height:3px;background:linear-gradient(90deg,var(--gold-ochre-light),var(--gold-ochre))}\n\n    \/* Suchw\u00f6rter (Chips) \u2013 wie in den anderen Galerien *\/\n    .tags{display:flex;flex-wrap:wrap;gap:.6rem;margin:.8rem 0 0}\n    .tag{display:inline-flex;align-items:center;padding:.35rem .7rem;border:1px solid rgba(193,154,107,.55);border-radius:999px;\n      background:linear-gradient(180deg,rgba(255,255,255,.14),rgba(255,255,255,.06));text-decoration:none;color:var(--dark);font-size:.9rem}\n    .tag:hover{border-color:var(--gold-ochre);}\n\n    \/* Lightbox *\/\n    #dv-lightbox{position:fixed;inset:0;display:none;align-items:center;justify-content:center;padding:5vw;z-index:2147483647;\n      background:radial-gradient(60% 60% at 50% 50%,rgba(249,243,233,.22),rgba(45,42,38,.76));backdrop-filter:blur(3px)}\n    #dv-lightbox.open{display:flex}\n    .lb-wrap{position:relative;max-width:95vw;max-height:88vh}\n    .lb1{border:1px solid var(--gold-ochre-light);border-radius:16px;padding:8px}\n    .lb2{border:2px solid var(--gold-ochre-dark);border-radius:13px;padding:7px}\n    .lb3{border:3px solid var(--gold-ochre-light);border-radius:10px;overflow:hidden;position:relative;background:rgba(249,243,233,.6);box-shadow:0 14px 36px var(--shadow)}\n    #lb-img{display:block;width:auto;height:auto;max-width:calc(95vw - 7rem);max-height:calc(88vh - 6rem);object-fit:contain}\n    #lb-cap{position:absolute;left:0;right:0;bottom:0;padding:.55rem .85rem;font-size:.98rem;display:flex;justify-content:space-between;align-items:center}\n    .lb-count{font-size:.9rem;opacity:.9;padding-left:.75rem;white-space:nowrap}\n    .navbtn{position:absolute;top:50%;transform:translateY(-50%);width:34px;height:34px;border:1px solid var(--gold-ochre-light);border-radius:999px;cursor:pointer;\n      background:rgba(249,243,233,.28);color:#fff;backdrop-filter:blur(6px);box-shadow:0 4px 12px rgba(193,154,107,.18);transition:var(--ease);opacity:.92}\n    .navbtn:hover{background:rgba(249,243,233,.4);border-color:var(--gold-ochre);transform:translateY(-50%) scale(1.04)}\n    .prev{left:10px}.next{right:10px}.close{top:10px;right:10px;transform:none;width:32px;height:32px;background:rgba(249,243,233,.28)}\n    .navbtn svg{width:14px;height:14px;fill:#fff}\n\n    @media (max-width: 992px){ .row4{grid-template-columns:repeat(2,1fr)} }\n    @media (max-width: 640px){\n      .row4{grid-template-columns:1fr}\n      #dv-lightbox{padding:4vw 3vw}\n      .navbtn{width:30px;height:30px}.prev{left:8px}.next{right:8px}.close{width:30px;height:30px;top:8px;right:8px}\n    }\n  <\/style>\n<\/head>\n<body>\n<div id=\"dv-gal\">\n  <div class=\"dynamic-bg\"><div class=\"bg-circle\"><\/div><div class=\"bg-circle\"><\/div><div class=\"bg-circle\"><\/div><\/div>\n\n  <div class=\"container\">\n    <section class=\"hero\" aria-label=\"Galerie-Einleitung\">\n      <h1 class=\"hero-title\">Runa Mae \u2013 Die Puppenspielerin<\/h1>\n\n      <!-- Quadratisches Bild (rotiert) -->\n      <div class=\"intro-r1\"><div class=\"intro-r2\"><div class=\"intro-r3\">\n        <img decoding=\"async\" id=\"introSwap\" src=\"\" alt=\"Runa Mae \u2013 Die Puppenspielerin \u2013 Einleitungsbild\">\n      <\/div><\/div><\/div>\n\n      <!-- Unter\u00fcberschrift (H2) -->\n      <h2 class=\"hero-sub\">Diese Galerie ist sehr klein und hat trotzdem eine starke Geschichte.<\/h2>\n\n      <!-- 4 BILDER \u2013 EXAKT GLEICHE GR\u00d6SSE \u2013 DIREKT UNTER DER H2 -->\n      <div id=\"gallery\" class=\"row4\" role=\"list\"><\/div>\n\n      <!-- Einleitung \u2013 linksb\u00fcndig \u00fcber volle Breite -->\n      <div class=\"hero-desc\" aria-label=\"Einleitungstext\">\n        <p>Die Puppenspielerin sitzt seit Jahren in einem Keller, hat noch nie das Tageslicht gesehen \u2013 au\u00dfer dem, was am Tage durch ihr kleines Fenster scheint. Sie hat die Welt noch nicht gesehen und kennt deshalb auch keine Menschen. Im Laufe der Jahre sind ihre Puppen das geworden, womit sie sich unterh\u00e4lt. Diese Puppen sind f\u00fcr sie schon lange <strong>lebendig<\/strong> geworden. Sie reden mit ihr, und sie redet mit ihnen. So f\u00fchlt sie sich nicht so <strong>allein<\/strong>.<\/p>\n        <p>Wenn es dunkler wird, f\u00fchlt sie sich wohler. Sie ist es gewohnt, im Dunkeln zu sitzen. Und trotzdem hat sie noch einen kleinen Lichtstrahl, um den Puppen aus ihrem Buch vorzulesen \u2013 ein sehr altes Buch, das irgendwann hier in der Ecke lag. Ein bisschen verr\u00fcckt schaut sie aus, dabei ist sie das gar nicht. Sie liest ihr Buch so oft und hat doch andere Gedanken. Sie wei\u00df, dass es da drau\u00dfen in der gro\u00dfen weiten Welt noch etwas gibt. Zerzaust sind ihre Haare, weil sie keinen Kamm hat. Bleich ist ihre Haut, weil sie nie das Licht sieht. Und <strong>schneewei\u00df<\/strong> das Nachthemd, <strong>das<\/strong> sie schon ewig anhat und manchmal in der kleinen Pf\u00fctze w\u00e4scht, die aus der Regenrinne kommt, die direkt in den Keller f\u00fchrt.<\/p>\n        <p>Wenn sie sich sehr allein f\u00fchlt und auch mit den Puppen nicht reden will, schaut sie sehns\u00fcchtig aus dem Fenster und w\u00fcnscht sich, sie w\u00fcrde sich trauen, diesen kleinen Schritt aus der offenen T\u00fcr zu gehen, die es am Eingang gibt.<\/p>\n      <\/div>\n    <\/section>\n\n    <!-- Credits + Tags -->\n    <section class=\"panel\" aria-label=\"Credits\">\n      <p><strong>Bildcopyright \u00a9 DarteanaVisions.<\/strong> Mitwirkende (gemeinsam): <strong>DarteanaVisions &amp; Tugce<\/strong> \u2014 Idee, Konzept, Styling\/Make-up, Fotografie. <strong>Setaufbau:<\/strong> Runa Mae, Tugce &amp; DarteanaVisions. <strong>Model:<\/strong> Runa Mae. <strong>Fahrer:<\/strong> Ehemann von Runa Mae. <strong>Location:<\/strong> Lost Place.<\/p>\n      <p><em>Hinweis:<\/em> Es gilt das Recht am eigenen Bild. Alle Mitwirkenden (Model, Visagistik, Fotografie u. a.) besitzen Rechte an dieser Galerie. Jede weitere Nutzung ausschlie\u00dflich nach vorheriger Zustimmung der Beteiligten.<\/p>\n      <div class=\"tags\" aria-label=\"Suchw\u00f6rter\">\n        <a class=\"tag\" href=\"#\">#RunaMae<\/a>\n        <a class=\"tag\" href=\"#\">#Puppenspielerin<\/a>\n        <a class=\"tag\" href=\"#\">#LostPlace<\/a>\n        <a class=\"tag\" href=\"#\">#Storytelling<\/a>\n        <a class=\"tag\" href=\"#\">#MakeUp<\/a>\n        <a class=\"tag\" href=\"#\">#Setbau<\/a>\n        <a class=\"tag\" href=\"#\">#DarteanaVisions<\/a>\n        <a class=\"tag\" href=\"#\">#Tugce<\/a>\n        <a class=\"tag\" href=\"#\">#Fotografie<\/a>\n      <\/div>\n    <\/section>\n  <\/div>\n<\/div>\n\n<!-- LIGHTBOX -->\n<div id=\"dv-lightbox\" aria-hidden=\"true\" role=\"dialog\" aria-modal=\"true\">\n  <div class=\"lb-wrap\">\n    <div class=\"lb1\"><div class=\"lb2\"><div class=\"lb3\">\n      <img decoding=\"async\" id=\"lb-img\" src=\"\" alt=\"\">\n      <div id=\"lb-cap\" class=\"cap-bar\">\n        <span class=\"cap-title\"><\/span>\n        <span id=\"lb-count\" class=\"lb-count\"><\/span>\n      <\/div>\n      <button class=\"navbtn prev\" aria-label=\"Vorheriges Bild\">\n        <svg viewBox=\"0 0 256 512\"><path d=\"M192 448c-8.2 0-16.4-3.1-22.6-9.4l-160-160c-12.5-12.5-12.5-32.8 0-45.3l160-160c12.5-12.5 32.8-12.5 45.3 0s12.5 32.8 0 45.3L77.3 256l138.4 138.4c12.5 12.5 12.5 32.8 0 45.3c-6.2 6.3-14.4 9.3-22.7 9.3z\"\/><\/svg>\n      <\/button>\n      <button class=\"navbtn next\" aria-label=\"N\u00e4chstes Bild\">\n        <svg viewBox=\"0 0 256 512\"><path d=\"M64 448c8.2 0 16.4-3.1 22.6-9.4l160-160c12.5-12.5 12.5-32.8 0-45.3l-160-160c-12.5-12.5-32.8-12.5-45.3 0s-12.5 32.8 0 45.3L178.8 256 40.4 394.4c-12.5 12.5-12.5 32.8 0 45.3c6.2 6.3 14.4 9.3 22.7 9.3z\"\/><\/svg>\n      <\/button>\n      <button class=\"navbtn close\" aria-label=\"Schlie\u00dfen\">\n        <svg viewBox=\"0 0 384 512\"><path d=\"M342.6 150.6c12.5-12.5 12.5-32.8 0-45.3s-32.8-12.5-45.3 0L192 210.7 86.6 105.4c-12.5-12.5-32.8-12.5-45.3 0s-12.5 32.8 0 45.3L146.7 256 41.4 361.4c-12.5 12.5-12.5 32.8 0 45.3s32.8 12.5 45.3 0L192 301.3 297.4 406.6c12.5 12.5 32.8 12.5 45.3 0s12.5-32.8 0-45.3L237.3 256 342.6 150.6z\"\/><\/svg>\n      <\/button>\n    <\/div><\/div><\/div>\n  <\/div>\n<\/div>\n\n<script>\n  \/* 4 Bilder in identischer Kachelgr\u00f6\u00dfe *\/\n  const galleryImages = [\n    \"https:\/\/darteanavisions.art\/wp-content\/uploads\/2025\/05\/43788375_1205035212971076_3178766108211544064_n.jpg\",\n    \"https:\/\/darteanavisions.art\/wp-content\/uploads\/2025\/05\/43878570_1205035246304406_7631320581845024768_n.jpg\",\n    \"https:\/\/darteanavisions.art\/wp-content\/uploads\/2025\/05\/44037115_1205035262971071_5359751669351448576_n.jpg\",\n    \"https:\/\/darteanavisions.art\/wp-content\/uploads\/2025\/05\/44038437_1205035179637746_5990929630696046592_n.jpg\"\n  ];\n  const eventTitle = \"Die Puppenspielerin\";\n\n  \/* Intro rotiert *\/\n  const introEl = document.getElementById('introSwap');\n  let lastIntro = -1;\n  function swapIntro(){\n    if(!galleryImages.length) return;\n    let i = Math.floor(Math.random()*galleryImages.length);\n    if(i===lastIntro) i = (i+1)%galleryImages.length;\n    introEl.src = galleryImages[i];\n    introEl.alt = \"Runa Mae \u2013 Die Puppenspielerin\";\n    lastIntro = i;\n  }\n\n  \/* Render 4er-Reihe *\/\n  const root = document.getElementById('gallery');\n  function renderGallery(){\n    const frag = document.createDocumentFragment();\n    galleryImages.forEach((src,idx)=>{\n      const card = document.createElement('figure'); card.className='card'; card.setAttribute('role','listitem');\n      const r1 = document.createElement('div'); r1.className='r1';\n      const r2 = document.createElement('div'); r2.className='r2';\n      const r3 = document.createElement('div'); r3.className='r3 thumb'; r3.tabIndex=0;\n\n      const img = document.createElement('img'); img.loading='lazy'; img.decoding='async'; img.src=src; img.alt=\"Runa Mae \u2013 Die Puppenspielerin\";\n      const cap = document.createElement('div'); cap.className='cap-bar'; cap.textContent=eventTitle;\n\n      r3.addEventListener('click', ()=>openLightbox(idx));\n      r3.addEventListener('keydown', e=>{ if(e.key==='Enter'||e.key===' '){e.preventDefault();openLightbox(idx);} });\n\n      r3.appendChild(img); r3.appendChild(cap); r2.appendChild(r3); r1.appendChild(r2); card.appendChild(r1);\n      frag.appendChild(card);\n    });\n    root.innerHTML=''; root.appendChild(frag);\n  }\n\n  \/* Lightbox *\/\n  const lb = document.getElementById('dv-lightbox');\n  const lbImg = document.getElementById('lb-img');\n  const lbCap = document.getElementById('lb-cap');\n  const lbCapTitle = (function(){ let t=lbCap.querySelector('.cap-title'); if(!t){t=document.createElement('span');t.className='cap-title';lbCap.prepend(t);} return t; })();\n  const lbCount = document.getElementById('lb-count');\n  const btnPrev = lb.querySelector('.prev'), btnNext = lb.querySelector('.next'), btnClose = lb.querySelector('.close');\n  let current = 0;\n\n  function lockScroll(b){ document.documentElement.style.overflow=b?'hidden':''; document.body.style.overflow=b?'hidden':''; }\n  function updateLightbox(){\n    const total = galleryImages.length;\n    lbImg.src = galleryImages[current]; lbImg.alt = \"Runa Mae \u2013 Die Puppenspielerin\";\n    lbCapTitle.textContent = eventTitle;\n    lbCount.textContent = `${current+1} \/ ${total}`;\n    const preload=i=>{ const im=new Image(); im.src=galleryImages[(i+total)%total]; }; preload(current+1); preload(current-1);\n  }\n  function openLightbox(i){ current=i; updateLightbox(); lb.classList.add('open'); lb.setAttribute('aria-hidden','false'); lockScroll(true); }\n  function closeLightbox(){ lb.classList.remove('open'); lb.setAttribute('aria-hidden','true'); lockScroll(false); }\n  function next(){ current=(current+1)%galleryImages.length; updateLightbox(); }\n  function prev(){ current=(current-1+galleryImages.length)%galleryImages.length; updateLightbox(); }\n\n  btnNext.addEventListener('click', next);\n  btnPrev.addEventListener('click', prev);\n  btnClose.addEventListener('click', closeLightbox);\n  lb.addEventListener('click', e=>{ if(e.target===lb) closeLightbox(); });\n  window.addEventListener('keydown', e=>{ if(!lb.classList.contains('open')) return;\n    if(e.key==='Escape') closeLightbox();\n    if(e.key==='ArrowRight') next();\n    if(e.key==='ArrowLeft') prev();\n  });\n\n  document.addEventListener('DOMContentLoaded', ()=>{\n    renderGallery();\n    swapIntro();\n    setInterval(swapIntro, 6000);\n  });\n<\/script>\n<\/body>\n<\/html>\n\n","protected":false},"excerpt":{"rendered":"<p>Runa Mae \u2013 Die Puppenspielerin \u00b7 DarteanaVisions Runa Mae \u2013 Die Puppenspielerin Diese Galerie ist sehr klein und hat trotzdem eine starke Geschichte. Die Puppenspielerin sitzt seit Jahren in einem Keller, hat noch nie das Tageslicht gesehen \u2013 au\u00dfer dem, was am Tage durch ihr kleines Fenster scheint. Sie hat die Welt noch nicht gesehen [&hellip;]<\/p>\n","protected":false},"author":1,"featured_media":0,"parent":4822,"menu_order":0,"comment_status":"closed","ping_status":"closed","template":"","meta":{"site-sidebar-layout":"default","site-content-layout":"","ast-site-content-layout":"default","site-content-style":"default","site-sidebar-style":"default","ast-global-header-display":"","ast-banner-title-visibility":"","ast-main-header-display":"","ast-hfb-above-header-display":"","ast-hfb-below-header-display":"","ast-hfb-mobile-header-display":"","site-post-title":"","ast-breadcrumbs-content":"","ast-featured-img":"","footer-sml-layout":"","theme-transparent-header-meta":"","adv-header-id-meta":"","stick-header-meta":"","header-above-stick-meta":"","header-main-stick-meta":"","header-below-stick-meta":"","astra-migrate-meta-layouts":"default","ast-page-background-enabled":"default","ast-page-background-meta":{"desktop":{"background-color":"var(--ast-global-color-5)","background-image":"","background-repeat":"repeat","background-position":"center center","background-size":"auto","background-attachment":"scroll","background-type":"","background-media":"","overlay-type":"","overlay-color":"","overlay-opacity":"","overlay-gradient":""},"tablet":{"background-color":"","background-image":"","background-repeat":"repeat","background-position":"center center","background-size":"auto","background-attachment":"scroll","background-type":"","background-media":"","overlay-type":"","overlay-color":"","overlay-opacity":"","overlay-gradient":""},"mobile":{"background-color":"","background-image":"","background-repeat":"repeat","background-position":"center center","background-size":"auto","background-attachment":"scroll","background-type":"","background-media":"","overlay-type":"","overlay-color":"","overlay-opacity":"","overlay-gradient":""}},"ast-content-background-meta":{"desktop":{"background-color":"var(--ast-global-color-4)","background-image":"","background-repeat":"repeat","background-position":"center center","background-size":"auto","background-attachment":"scroll","background-type":"","background-media":"","overlay-type":"","overlay-color":"","overlay-opacity":"","overlay-gradient":""},"tablet":{"background-color":"var(--ast-global-color-4)","background-image":"","background-repeat":"repeat","background-position":"center center","background-size":"auto","background-attachment":"scroll","background-type":"","background-media":"","overlay-type":"","overlay-color":"","overlay-opacity":"","overlay-gradient":""},"mobile":{"background-color":"var(--ast-global-color-4)","background-image":"","background-repeat":"repeat","background-position":"center center","background-size":"auto","background-attachment":"scroll","background-type":"","background-media":"","overlay-type":"","overlay-color":"","overlay-opacity":"","overlay-gradient":""}},"footnotes":""},"class_list":["post-4993","page","type-page","status-publish","hentry"],"_links":{"self":[{"href":"https:\/\/darteanavisions.art\/index.php\/wp-json\/wp\/v2\/pages\/4993","targetHints":{"allow":["GET"]}}],"collection":[{"href":"https:\/\/darteanavisions.art\/index.php\/wp-json\/wp\/v2\/pages"}],"about":[{"href":"https:\/\/darteanavisions.art\/index.php\/wp-json\/wp\/v2\/types\/page"}],"author":[{"embeddable":true,"href":"https:\/\/darteanavisions.art\/index.php\/wp-json\/wp\/v2\/users\/1"}],"replies":[{"embeddable":true,"href":"https:\/\/darteanavisions.art\/index.php\/wp-json\/wp\/v2\/comments?post=4993"}],"version-history":[{"count":2,"href":"https:\/\/darteanavisions.art\/index.php\/wp-json\/wp\/v2\/pages\/4993\/revisions"}],"predecessor-version":[{"id":4999,"href":"https:\/\/darteanavisions.art\/index.php\/wp-json\/wp\/v2\/pages\/4993\/revisions\/4999"}],"up":[{"embeddable":true,"href":"https:\/\/darteanavisions.art\/index.php\/wp-json\/wp\/v2\/pages\/4822"}],"wp:attachment":[{"href":"https:\/\/darteanavisions.art\/index.php\/wp-json\/wp\/v2\/media?parent=4993"}],"curies":[{"name":"wp","href":"https:\/\/api.w.org\/{rel}","templated":true}]}}